{"id":604,"date":"2023-05-05T02:35:02","date_gmt":"2023-05-05T02:35:02","guid":{"rendered":"https:\/\/anuraconsciencia.com\/?page_id=604"},"modified":"2023-05-30T18:50:21","modified_gmt":"2023-05-30T18:50:21","slug":"acupuntura","status":"publish","type":"page","link":"https:\/\/anuraconsciencia.com\/index.php\/acupuntura\/","title":{"rendered":"Acupuntura"},"content":{"rendered":"\t\t<div data-elementor-type=\"wp-page\" data-elementor-id=\"604\" class=\"elementor elementor-604\">\n\t\t\t\t\t\t\t<div class=\"elementor-element elementor-element-f011f85 e-con-full e-con\" data-id=\"f011f85\" data-element_type=\"container\" data-settings=\"{&quot;content_width&quot;:&quot;full&quot;}\">\n\t\t\t\t<div class=\"elementor-element elementor-element-82bd2b0 elementor-widget elementor-widget-image\" data-id=\"82bd2b0\" data-element_type=\"widget\" data-widget_type=\"image.default\">\n\t\t\t\t<div class=\"elementor-widget-container\">\n\t\t\t<style>\/*! elementor - v3.12.2 - 23-04-2023 *\/\n.elementor-widget-image{text-align:center}.elementor-widget-image a{display:inline-block}.elementor-widget-image a img[src$=\".svg\"]{width:48px}.elementor-widget-image img{vertical-align:middle;display:inline-block}<\/style>\t\t\t\t\t\t\t\t\t\t\t\t<img decoding=\"async\" width=\"1536\" height=\"616\" src=\"https:\/\/anuraconsciencia.com\/wp-content\/uploads\/2023\/05\/banneracupuntura-1536x616.png\" class=\"attachment-1536x1536 size-1536x1536 wp-image-627\" alt=\"\" loading=\"lazy\" srcset=\"https:\/\/anuraconsciencia.com\/wp-content\/uploads\/2023\/05\/banneracupuntura-1536x616.png 1536w, https:\/\/anuraconsciencia.com\/wp-content\/uploads\/2023\/05\/banneracupuntura-300x120.png 300w, https:\/\/anuraconsciencia.com\/wp-content\/uploads\/2023\/05\/banneracupuntura-1024x411.png 1024w, https:\/\/anuraconsciencia.com\/wp-content\/uploads\/2023\/05\/banneracupuntura-768x308.png 768w, https:\/\/anuraconsciencia.com\/wp-content\/uploads\/2023\/05\/banneracupuntura.png 1920w\" sizes=\"(max-width: 1536px) 100vw, 1536px\" \/>\t\t\t\t\t\t\t\t\t\t\t\t\t\t\t<\/div>\n\t\t\t\t<\/div>\n\t\t\t\t<\/div>\n\t\t<div class=\"elementor-element elementor-element-679c46e e-con-boxed e-con\" data-id=\"679c46e\" data-element_type=\"container\" data-settings=\"{&quot;content_width&quot;:&quot;boxed&quot;}\">\n\t\t\t\t\t<div class=\"e-con-inner\">\n\t\t\t\t<div class=\"elementor-element elementor-element-98f3418 elementor-widget elementor-widget-heading\" data-id=\"98f3418\" data-element_type=\"widget\" data-widget_type=\"heading.default\">\n\t\t\t\t<div class=\"elementor-widget-container\">\n\t\t\t<style>\/*! elementor - v3.12.2 - 23-04-2023 *\/\n.elementor-heading-title{padding:0;margin:0;line-height:1}.elementor-widget-heading .elementor-heading-title[class*=elementor-size-]>a{color:inherit;font-size:inherit;line-height:inherit}.elementor-widget-heading .elementor-heading-title.elementor-size-small{font-size:15px}.elementor-widget-heading .elementor-heading-title.elementor-size-medium{font-size:19px}.elementor-widget-heading .elementor-heading-title.elementor-size-large{font-size:29px}.elementor-widget-heading .elementor-heading-title.elementor-size-xl{font-size:39px}.elementor-widget-heading .elementor-heading-title.elementor-size-xxl{font-size:59px}<\/style><h2 class=\"elementor-heading-title elementor-size-default\">Sesiones individuales de Acupuntura<\/h2>\t\t<\/div>\n\t\t\t\t<\/div>\n\t\t\t\t<div class=\"elementor-element elementor-element-250225b elementor-widget elementor-widget-text-editor\" data-id=\"250225b\" data-element_type=\"widget\" data-widget_type=\"text-editor.default\">\n\t\t\t\t<div class=\"elementor-widget-container\">\n\t\t\t<style>\/*! elementor - v3.12.2 - 23-04-2023 *\/\n.elementor-widget-text-editor.elementor-drop-cap-view-stacked .elementor-drop-cap{background-color:#69727d;color:#fff}.elementor-widget-text-editor.elementor-drop-cap-view-framed .elementor-drop-cap{color:#69727d;border:3px solid;background-color:transparent}.elementor-widget-text-editor:not(.elementor-drop-cap-view-default) .elementor-drop-cap{margin-top:8px}.elementor-widget-text-editor:not(.elementor-drop-cap-view-default) .elementor-drop-cap-letter{width:1em;height:1em}.elementor-widget-text-editor .elementor-drop-cap{float:left;text-align:center;line-height:1;font-size:50px}.elementor-widget-text-editor .elementor-drop-cap-letter{display:inline-block}<\/style>\t\t\t\t<p>Casi todos ya hemos o\u00eddo hablar de la acupuntura, que trabaja con los canales energ\u00e9ticos y sus puntos o resonadores\u2026para restaurar la salud o acrecentar la ya existente\u2026para todo tipo de disfunciones\u2026en fin, que la acupuntura sirve para todo.<\/p><p>Las sesiones de acupuntura tienen una duraci\u00f3n entre media hora y 45 minutos, donde tu solo tienes que tumbarte c\u00f3modamente y dejar que las agujas o antenas energ\u00e9ticas act\u00faen en ti, por supuesto, las primeras sesiones est\u00e1n encauzadas a tu historia para enfocar el tratamiento seg\u00fan lo que vienes a trabajar de ti.<\/p><p>La medicina tradicional se basa en los principios b\u00e1sicos del Yin y el Yang y trabaja con las energ\u00edas del agua en ti, el fuego en ti, el aire en ti, la tierra en ti, la madera en ti, el calor, la humedad, el frio, el viento, la sequedad y sus respectivas manifestaciones en cada \u00f3rgano y entra\u00f1a, en cada emoci\u00f3n o comportamiento, para restaurar el equilibrio y alcanzar el centro.<\/p>\t\t\t\t\t\t<\/div>\n\t\t\t\t<\/div>\n\t\t\t\t\t<\/div>\n\t\t\t\t<\/div>\n\t\t<div class=\"elementor-element elementor-element-8bd1c87 e-con-boxed e-con\" data-id=\"8bd1c87\" data-element_type=\"container\" data-settings=\"{&quot;content_width&quot;:&quot;boxed&quot;}\">\n\t\t\t\t\t<div class=\"e-con-inner\">\n\t\t<div class=\"elementor-element elementor-element-eccd544 e-con-full e-con\" data-id=\"eccd544\" data-element_type=\"container\" data-settings=\"{&quot;content_width&quot;:&quot;full&quot;}\">\n\t\t\t\t<div class=\"elementor-element elementor-element-e5d4323 elementor-widget elementor-widget-image\" data-id=\"e5d4323\" data-element_type=\"widget\" data-widget_type=\"image.default\">\n\t\t\t\t<div class=\"elementor-widget-container\">\n\t\t\t\t\t\t\t\t\t\t\t\t\t\t\t<img decoding=\"async\" width=\"1024\" height=\"768\" src=\"https:\/\/anuraconsciencia.com\/wp-content\/uploads\/2023\/05\/DSC_6860-01-1024x768.jpeg\" class=\"attachment-large size-large wp-image-755\" alt=\"\" loading=\"lazy\" srcset=\"https:\/\/anuraconsciencia.com\/wp-content\/uploads\/2023\/05\/DSC_6860-01-1024x768.jpeg 1024w, https:\/\/anuraconsciencia.com\/wp-content\/uploads\/2023\/05\/DSC_6860-01-300x225.jpeg 300w, https:\/\/anuraconsciencia.com\/wp-content\/uploads\/2023\/05\/DSC_6860-01-768x576.jpeg 768w, https:\/\/anuraconsciencia.com\/wp-content\/uploads\/2023\/05\/DSC_6860-01.jpeg 1438w\" sizes=\"(max-width: 1024px) 100vw, 1024px\" \/>\t\t\t\t\t\t\t\t\t\t\t\t\t\t\t<\/div>\n\t\t\t\t<\/div>\n\t\t\t\t<\/div>\n\t\t<div class=\"elementor-element elementor-element-e83f471 e-con-full e-con\" data-id=\"e83f471\" data-element_type=\"container\" data-settings=\"{&quot;content_width&quot;:&quot;full&quot;}\">\n\t\t\t\t<div class=\"elementor-element elementor-element-aef40f0 elementor-widget elementor-widget-image\" data-id=\"aef40f0\" data-element_type=\"widget\" data-widget_type=\"image.default\">\n\t\t\t\t<div class=\"elementor-widget-container\">\n\t\t\t\t\t\t\t\t\t\t\t\t\t\t\t<img decoding=\"async\" width=\"1024\" height=\"768\" src=\"https:\/\/anuraconsciencia.com\/wp-content\/uploads\/2023\/05\/PHOTO-2023-04-25-14-16-12-1024x768.jpg\" class=\"attachment-large size-large wp-image-557\" alt=\"\" loading=\"lazy\" srcset=\"https:\/\/anuraconsciencia.com\/wp-content\/uploads\/2023\/05\/PHOTO-2023-04-25-14-16-12-1024x768.jpg 1024w, https:\/\/anuraconsciencia.com\/wp-content\/uploads\/2023\/05\/PHOTO-2023-04-25-14-16-12-300x225.jpg 300w, https:\/\/anuraconsciencia.com\/wp-content\/uploads\/2023\/05\/PHOTO-2023-04-25-14-16-12-768x576.jpg 768w, https:\/\/anuraconsciencia.com\/wp-content\/uploads\/2023\/05\/PHOTO-2023-04-25-14-16-12.jpg 1080w\" sizes=\"(max-width: 1024px) 100vw, 1024px\" \/>\t\t\t\t\t\t\t\t\t\t\t\t\t\t\t<\/div>\n\t\t\t\t<\/div>\n\t\t\t\t<\/div>\n\t\t<div class=\"elementor-element elementor-element-38bbbc7 e-con-full e-con\" data-id=\"38bbbc7\" data-element_type=\"container\" data-settings=\"{&quot;content_width&quot;:&quot;full&quot;}\">\n\t\t\t\t<div class=\"elementor-element elementor-element-942ac69 elementor-widget elementor-widget-image\" data-id=\"942ac69\" data-element_type=\"widget\" data-widget_type=\"image.default\">\n\t\t\t\t<div class=\"elementor-widget-container\">\n\t\t\t\t\t\t\t\t\t\t\t\t\t\t\t<img decoding=\"async\" width=\"720\" height=\"960\" src=\"https:\/\/anuraconsciencia.com\/wp-content\/uploads\/2023\/05\/PHOTO-2023-04-25-14-17-58.jpg\" class=\"attachment-large size-large wp-image-560\" alt=\"\" loading=\"lazy\" srcset=\"https:\/\/anuraconsciencia.com\/wp-content\/uploads\/2023\/05\/PHOTO-2023-04-25-14-17-58.jpg 720w, https:\/\/anuraconsciencia.com\/wp-content\/uploads\/2023\/05\/PHOTO-2023-04-25-14-17-58-225x300.jpg 225w\" sizes=\"(max-width: 720px) 100vw, 720px\" \/>\t\t\t\t\t\t\t\t\t\t\t\t\t\t\t<\/div>\n\t\t\t\t<\/div>\n\t\t\t\t<\/div>\n\t\t<div class=\"elementor-element elementor-element-2ad5ebf e-con-full e-con\" data-id=\"2ad5ebf\" data-element_type=\"container\" data-settings=\"{&quot;content_width&quot;:&quot;full&quot;}\">\n\t\t\t\t<div class=\"elementor-element elementor-element-8e49d57 elementor-widget elementor-widget-image\" data-id=\"8e49d57\" data-element_type=\"widget\" data-widget_type=\"image.default\">\n\t\t\t\t<div class=\"elementor-widget-container\">\n\t\t\t\t\t\t\t\t\t\t\t\t\t\t\t<img decoding=\"async\" width=\"1024\" height=\"594\" src=\"https:\/\/anuraconsciencia.com\/wp-content\/uploads\/2023\/05\/DSC_6857-01-1-1024x594.jpeg\" class=\"attachment-large size-large wp-image-740\" alt=\"\" loading=\"lazy\" srcset=\"https:\/\/anuraconsciencia.com\/wp-content\/uploads\/2023\/05\/DSC_6857-01-1-1024x594.jpeg 1024w, https:\/\/anuraconsciencia.com\/wp-content\/uploads\/2023\/05\/DSC_6857-01-1-300x174.jpeg 300w, https:\/\/anuraconsciencia.com\/wp-content\/uploads\/2023\/05\/DSC_6857-01-1-768x446.jpeg 768w, https:\/\/anuraconsciencia.com\/wp-content\/uploads\/2023\/05\/DSC_6857-01-1-1536x891.jpeg 1536w, https:\/\/anuraconsciencia.com\/wp-content\/uploads\/2023\/05\/DSC_6857-01-1.jpeg 1620w\" sizes=\"(max-width: 1024px) 100vw, 1024px\" \/>\t\t\t\t\t\t\t\t\t\t\t\t\t\t\t<\/div>\n\t\t\t\t<\/div>\n\t\t\t\t<\/div>\n\t\t\t\t\t<\/div>\n\t\t\t\t<\/div>\n\t\t<div class=\"elementor-element elementor-element-80a1204 e-con-boxed e-con\" data-id=\"80a1204\" data-element_type=\"container\" data-settings=\"{&quot;content_width&quot;:&quot;boxed&quot;}\">\n\t\t\t\t\t<div class=\"e-con-inner\">\n\t\t\t\t<div class=\"elementor-element elementor-element-54c41fa elementor-widget elementor-widget-text-editor\" data-id=\"54c41fa\" data-element_type=\"widget\" data-widget_type=\"text-editor.default\">\n\t\t\t\t<div class=\"elementor-widget-container\">\n\t\t\t\t\t\t\t<p>Ubicaci\u00f3n:\u00a0<br \/>Costo:\u00a0<br \/>Duraci\u00f3n: Entre media hora y 45 minutos<br \/>Recomendaciones:<\/p>\t\t\t\t\t\t<\/div>\n\t\t\t\t<\/div>\n\t\t\t\t<div class=\"elementor-element elementor-element-01845c2 elementor-align-center elementor-widget elementor-widget-button\" data-id=\"01845c2\" data-element_type=\"widget\" data-widget_type=\"button.default\">\n\t\t\t\t<div class=\"elementor-widget-container\">\n\t\t\t\t\t<div class=\"elementor-button-wrapper\">\n\t\t\t<a href=\"https:\/\/us17.list-manage.com\/contact-form?u=fc43c99b6b22d32e20cda371e&#038;form_id=588c06e943c99023adcaea7d76f7149b\" class=\"elementor-button-link elementor-button elementor-size-sm\" role=\"button\">\n\t\t\t\t\t\t<span class=\"elementor-button-content-wrapper\">\n\t\t\t\t\t\t<span class=\"elementor-button-text\">SOLICITAR UNA SESI\u00d3N CONMIGO<\/span>\n\t\t<\/span>\n\t\t\t\t\t<\/a>\n\t\t<\/div>\n\t\t\t\t<\/div>\n\t\t\t\t<\/div>\n\t\t\t\t\t<\/div>\n\t\t\t\t<\/div>\n\t\t\t\t\t\t\t<\/div>\n\t\t","protected":false},"excerpt":{"rendered":"<p>Sesiones individuales de Acupuntura Casi todos ya hemos o\u00eddo hablar de la acupuntura, que trabaja con los canales energ\u00e9ticos y sus puntos o resonadores\u2026para restaurar la salud o acrecentar la ya existente\u2026para todo tipo de disfunciones\u2026en fin, que la acupuntura sirve para todo. Las sesiones de acupuntura tienen una duraci\u00f3n entre media hora y 45 &hellip;<\/p>\n<p class=\"read-more\"> <a class=\"\" href=\"https:\/\/anuraconsciencia.com\/index.php\/acupuntura\/\"> <span class=\"screen-reader-text\">Acupuntura<\/span> Read More &raquo;<\/a><\/p>\n","protected":false},"author":1,"featured_media":0,"parent":0,"menu_order":0,"comment_status":"closed","ping_status":"closed","template":"","meta":{"site-sidebar-layout":"no-sidebar","site-content-layout":"page-builder","ast-global-header-display":"","ast-main-header-display":"","ast-hfb-above-header-display":"","ast-hfb-below-header-display":"","ast-hfb-mobile-header-display":"","site-post-title":"disabled","ast-breadcrumbs-content":"","ast-featured-img":"disabled","footer-sml-layout":"","theme-transparent-header-meta":"","adv-header-id-meta":"","stick-header-meta":"","header-above-stick-meta":"","header-main-stick-meta":"","header-below-stick-meta":""},"_links":{"self":[{"href":"https:\/\/anuraconsciencia.com\/index.php\/wp-json\/wp\/v2\/pages\/604"}],"collection":[{"href":"https:\/\/anuraconsciencia.com\/index.php\/wp-json\/wp\/v2\/pages"}],"about":[{"href":"https:\/\/anuraconsciencia.com\/index.php\/wp-json\/wp\/v2\/types\/page"}],"author":[{"embeddable":true,"href":"https:\/\/anuraconsciencia.com\/index.php\/wp-json\/wp\/v2\/users\/1"}],"replies":[{"embeddable":true,"href":"https:\/\/anuraconsciencia.com\/index.php\/wp-json\/wp\/v2\/comments?post=604"}],"version-history":[{"count":31,"href":"https:\/\/anuraconsciencia.com\/index.php\/wp-json\/wp\/v2\/pages\/604\/revisions"}],"predecessor-version":[{"id":1036,"href":"https:\/\/anuraconsciencia.com\/index.php\/wp-json\/wp\/v2\/pages\/604\/revisions\/1036"}],"wp:attachment":[{"href":"https:\/\/anuraconsciencia.com\/index.php\/wp-json\/wp\/v2\/media?parent=604"}],"curies":[{"name":"wp","href":"https:\/\/api.w.org\/{rel}","templated":true}]}}